{"id":21,"date":"2023-12-02T10:40:49","date_gmt":"2023-12-02T02:40:49","guid":{"rendered":"https:\/\/used-towercrane.com\/?page_id=21"},"modified":"2023-12-04T10:20:18","modified_gmt":"2023-12-04T02:20:18","slug":"privacy","status":"publish","type":"page","link":"https:\/\/used-towercrane.com\/it\/privacy\/","title":{"rendered":"riservatezza"},"content":{"rendered":"<p><\/p>\r\n<p>La riservatezza e la sicurezza delle tue informazioni sono molto importanti per noi.<br \/>Per saperne di pi\u00f9, consulta l&#039;informativa completa sulla privacy riportata di seguito.<br \/>Introduzione<br \/>Questa informativa sulla privacy spiega come la nostra azienda e le sue affiliate raccolgono e utilizzano le tue informazioni. La nostra informativa sulla privacy si applica a tutte le persone che visitano e utilizzano il nostro sito Web, la nostra azienda e i servizi online, nonch\u00e9 i siti Web e i servizi online forniti dai nostri membri (collettivamente denominati &quot;siti&quot;). Le societ\u00e0 affiliate sono entit\u00e0 direttamente o indirettamente di propriet\u00e0 della nostra azienda o entit\u00e0 controllate o controllate congiuntamente dalla nostra azienda. I riferimenti a &quot;salute di base&quot;, &quot;noi&quot;, &quot;nostro&quot; o &quot;ci&quot; in questa informativa sulla privacy si riferiscono all&#039;entit\u00e0 responsabile della raccolta e dell&#039;utilizzo dei tuoi dati personali, solitamente l&#039;entit\u00e0 che ottiene i tuoi dati personali in ogni caso ai sensi di. Questa entit\u00e0 \u00e8 anche chiamata titolare del trattamento dei dati. Questa informativa sulla privacy non copre i siti Web e i servizi online gestiti dalla nostra azienda o dalle nostre societ\u00e0 affiliate. Questi siti Web e servizi online hanno informative sulla privacy separate e non sono collegati a questa informativa sulla privacy o uniti per riferimento. Diverse informative sulla privacy possono anche essere applicate ad altre parti del nostro sito Web, come aree protette da password o pagine Web utilizzate per il reclutamento online. La nostra politica sulla privacy si applica solo alle attivit\u00e0 che svolgiamo su questo sito Web e non si applica alle attivit\u00e0 &quot;offline&quot; o non correlate a questo sito Web. Questa politica sulla privacy \u00e8 stata incorporata nei nostri termini e condizioni e lo stesso vale quando utilizzi il nostro sito Web. Utilizzando questo sito Web e fornendo i tuoi dati personali e altre informazioni tramite questo sito Web, riconosci che i tuoi dati personali saranno elaborati in conformit\u00e0 con i termini di questa politica sulla privacy. Se non sei d&#039;accordo con le pratiche descritte in questa politica sulla privacy, ti preghiamo di non fornirci i tuoi dati personali o di interagire con il sito Web in altri modi. Ci riserviamo il diritto di modificare questa politica sulla privacy in qualsiasi momento. Se apportiamo modifiche sostanziali alla nostra politica sulla privacy, pubblicheremo un avviso su questo sito Web prima che le modifiche entrino in vigore. Puoi determinare la data di revisione pi\u00f9 recente di questa politica sulla privacy facendo riferimento alla data di &quot;ultimo aggiornamento&quot; sopra. Puoi visualizzare la versione pi\u00f9 recente di questa politica sulla privacy. Ti consigliamo di controllare regolarmente la politica sulla privacy per eventuali modifiche.<br \/>\u00a0<br \/>Quali dati personali raccogliamo su di te?<br \/>I dati personali utilizzati in questa informativa sulla privacy si riferiscono a qualsiasi informazione relativa a un individuo identificato o identificabile, o come definito dalle leggi applicabili. Quando visiti il nostro sito Web e interagisci volontariamente con esso, raccoglieremo i seguenti dati personali:<br \/>Il tuo nome e cognome;<br \/>Nome dell&#039;azienda;<br \/>Indirizzo IP (protocollo Internet);<br \/>Informazioni di contatto (ad esempio, numero di telefono, indirizzo e-mail);<br \/>oppure Altre informazioni fornite volontariamente.<br \/>\u00a0<br \/>Quando raccogliamo i tuoi dati personali?<br \/>A meno che tu non scelga volontariamente di divulgare tali informazioni, la nostra azienda non raccoglier\u00e0 alcun dato personale da te tramite questo sito web. Potremmo chiederti di fornire determinati dati personali in momenti e luoghi diversi sul sito web. In alcuni casi, se scegli di non fornirci i dati personali richiesti, potresti non essere in grado di accedere a tutti i contenuti di questo sito web o di partecipare a tutte le sue funzioni. Ad esempio, potremmo raccogliere dati personali da te quando esegui le seguenti azioni:<br \/>Acquista i prodotti della nostra azienda tramite il nostro sito web;<br \/>Apri o rispondi alla nostra email;<br \/>Quando ci fornisci volontariamente informazioni tramite sondaggi rivolti ai clienti, possiamo collegarle ai dati personali che abbiamo precedentemente raccolto su di te;<br \/>Contatta il servizio clienti, usa la nostra funzione &quot;connetti&quot; per parlare con i rappresentanti della nostra azienda o usa i nostri strumenti di supporto clienti;<br \/>Collegare, collegare o \u201ccondividere\u201d il nostro sito web tramite siti di social network;<br \/>Se ci fornisci dati personali di una terza parte, significa che hai fornito alla terza parte un avviso e sei stato autorizzato dalla terza parte a fornire tali informazioni.<br \/>\u00a0<br \/>Come utilizziamo i dati personali?<br \/>La nostra azienda utilizza i dati personali che raccogliamo per fornirti servizi o stipulare un accordo contrattuale con te quando visiti il nostro sito web. Ci\u00f2 include:<br \/>Crea un account sul sito web online in base alle tue esigenze;<br \/>Fornire assistenza clienti (ad esempio, rispondere alle vostre domande o rispondere alle richieste);<br \/>Inviarti promemoria, aggiornamenti, supporto, messaggi di gestione, annunci di servizio e informazioni richieste;<br \/>Utilizzeremo i dati personali perseguiti da una terza parte o da noi per legittimi motivi aziendali, purch\u00e9 i dati siano compatibili con i tuoi diritti e le tue aspettative in materia di privacy. Ci\u00f2 include:<br \/>Gestire, mantenere e migliorare questo sito web, i nostri servizi e i nostri prodotti;<br \/>Eseguire analisi e condurre ricerche sui clienti;<br \/>Verificare la tua capacit\u00e0 di accedere o utilizzare determinati prodotti o servizi che sono disponibili solo a soggetti che soddisfano determinati requisiti o standard di qualificazione, come gli operatori sanitari;<br \/>Consentirti di interagire con determinati fornitori di servizi di contenuti di terze parti (ad esempio, per consentirti di collegarti o visualizzare contenuti da siti Web di terze parti all&#039;interno di questo sito Web, o visualizzare i nostri contenuti su siti Web di terze parti);<br \/>Consentirti di scegliere di partecipare alle funzionalit\u00e0 interattive del nostro sito web;<br \/>Gestire sondaggi online o offerte speciali forniti da noi o tramite i nostri partner commerciali terzi;<br \/>Migliorare il nostro sito web, il servizio clienti, i prodotti e i servizi e l&#039;esperienza complessiva dell&#039;utente;<br \/>Arricchire altre informazioni che abbiamo su di te per aiutarci a comprenderti meglio e determinare i tuoi interessi;<br \/>Determina le tue preferenze in modo che possiamo informarti sui nuovi prodotti o su altri prodotti, servizi e promozioni che potrebbero interessarti;<br \/>La nostra azienda ha inoltre una base giuridica per l&#039;utilizzo dei tuoi dati personali:<br \/>Per prevenire frodi, tutelare la sicurezza pubblica e far rispettare gli obblighi di rendicontazione aziendale, i termini e le condizioni e rispettare leggi, regolamenti, ordini dei tribunali, citazioni in giudizio o altre procedure legali.<br \/>Laddove richiesto dalla legge, potremmo anche utilizzare le informazioni raccolte in conformit\u00e0 con la presente informativa sulla privacy con il tuo consenso &quot;opt-in&quot; per fornirti beni o servizi che riteniamo possano interessarti. Informazioni<br \/>\u00a0<br \/>Come gestire i dati personali sensibili?<br \/>I dati personali sensibili utilizzati nell&#039;informativa sulla privacy (anche denominati &quot;categorie speciali di dati personali&quot;) si riferiscono a dati relativi alla razza o etnia, opinioni politiche, religione o altre convinzioni, salute, caratteristiche genetiche o biologiche, vita sessuale o sessualit\u00e0. Informazioni su orientamento, precedenti penali o appartenenza a sindacati. La nostra azienda raccoglie dati personali sensibili solo nelle seguenti circostanze limitate:<br \/>Con il tuo esplicito consenso;<br \/>Proteggere i tuoi interessi vitali o quelli di altri se non puoi accettare fisicamente o legalmente;<br \/>Se il trattamento \u00e8 necessario per finalit\u00e0 di medicina preventiva o professionale, fornire assistenza o trattamento sanitario o sociale o gestire sistemi e servizi sanitari o di assistenza sociale in conformit\u00e0 alle leggi dell&#039;Unione o degli Stati membri o in conformit\u00e0 ai contratti con professionisti sanitari; o utilizzati per stabilire, esercitare o difendere rivendicazioni legali, o nella misura consentita e richiesta dalle leggi applicabili.<br \/>Salvo diversamente richiesto dalle leggi applicabili, non \u00e8 necessario fornirci dati personali sensibili quando si utilizza il nostro sito Web. Se si sceglie di non farlo, la decisione non impedir\u00e0 di utilizzare il nostro sito Web.<br \/>\u00a0<br \/>Quali altre informazioni raccogliamo?<br \/>Come molti altri siti web, quando navighi e interagisci con il nostro sito web, potremmo utilizzare una tecnologia di raccolta automatica per raccogliere determinate informazioni sul tuo dispositivo, sulle tue operazioni di navigazione e sui tuoi modelli, tra cui:<br \/>I dettagli della tua visita al nostro sito web, comprese le risorse che visiti e utilizzi sul nostro sito web, i dati sul traffico, i dati sulla posizione, i registri, la lingua;<br \/>Data e ora dell&#039;accesso, frequenza e altri dati di comunicazione;<br \/>Informazioni sul computer e sulla connessione Internet, tra cui sistema operativo, dominio host e tipo di browser (ad esempio Internet Explorer); oppure<br \/>Dettagli del sito web consigliato (URL).<br \/>Le informazioni che raccogliamo automaticamente sono dati statistici che possono aiutarci a migliorare il nostro sito web e a fornire servizi migliori e pi\u00f9 personalizzati, tra cui:<br \/>Determinare i modelli di traffico del sito web;<br \/>Contare il numero di visite al sito;<br \/>Identificare la fonte del traffico in modo da poter misurare e migliorare le prestazioni del sito web;<br \/>Condividere o vendere tali informazioni a terzi;<br \/>Aiutaci a capire quali pagine e contenuti sono pi\u00f9 popolari e meno popolari; e<br \/>Determina la frequenza e l&#039;ultima data della tua visita al nostro sito web.<br \/>\u00a0<br \/>Cookie e altre tecnologie<br \/>Quando visiti il nostro sito Web o interagisci con le nostre e-mail, utilizziamo cookie, web beacon\/pixel tag e altre tecnologie (collettivamente denominati &quot;cookie&quot;) per identificarti. I &quot;cookie&quot; sono piccole quantit\u00e0 di dati memorizzati nella cache o archiviati su un computer in base all&#039;attivit\u00e0 su Internet. Questi cookie possono essere trasmessi nel contesto di una prima parte o di una terza parte. Ad esempio, potremmo raccogliere informazioni sul tipo e sulla versione del tuo browser, sistema operativo, lingua utente, ISP, pagine Web visualizzate, collegamenti cliccati, indirizzo IP, se \u00e8 presente un plug-in &quot;Flash&quot;, risoluzione dello schermo e informazioni sulla connessione. Tipi, siti Web visitati prima e dopo aver visitato il nostro sito Web, informazioni dettagliate sui beni acquistati ed e-mail che invii, inoltri o clicchi per accedere al nostro sito Web. Raccogliendo queste informazioni, possiamo comprendere meglio come interagisci con il nostro sito Web; fornirti un&#039;esperienza online pi\u00f9 personalizzata e ottimizzata monitorando le tue preferenze; migliorare il nostro sito Web; eseguire contratti con i nostri partner commerciali; aiutare a confermare la ricezione e rispondere alla nostra e-mail; e fornire un servizio clienti pi\u00f9 efficace. Per maggiori informazioni sui cookie che raccogliamo e su come disattivarli, visita la nostra Politica sui cookie e la sezione 9 di seguito. Plug-in dei social media. Il nostro sito web utilizza i cosiddetti plug-in social (&quot;plug-in&quot;) dei social network Facebook, Twitter e LinkedIn. Questi plug-in sono indicati dai rispettivi loghi dei social network. Quando visiti il sito, il tuo browser stabilir\u00e0 una connessione diretta con i server di questi social network. Il social network trasferisce il contenuto del plug-in direttamente al tuo browser e poi lo integra nel sito web. L&#039;integrazione dei plug-in consente ai social network di ricevere le informazioni che hai caricato sulle pagine corrispondenti del sito. Ad esempio, se accedi con Facebook, sar\u00e0 in grado di assegnare la tua visita al tuo account. Quando visiti il nostro sito web, indipendentemente dal fatto che tu interagisca o meno con il plug-in, hai gi\u00e0 scambiato queste informazioni. Se interagisci con il plug-in, le informazioni corrispondenti verranno inviate direttamente a Facebook tramite il tuo browser e l\u00ec salvate. Puoi trovare informazioni su come i social network utilizzano i dati, nonch\u00e9 sui tuoi diritti e sulle impostazioni opzionali sui siti di social network per proteggere la tua privacy. Se non vuoi che i social network raccolgano dati su di te tramite il nostro sito web, devi effettuare il login nel dominio del social network prima di visitare il sito web. Per impedire lo scambio di informazioni con i social network durante la tua visita al nostro sito web, puoi disattivare i cookie tramite le impostazioni del tuo browser e altri strumenti.<br \/>\u00a0<br \/>Come condividiamo le informazioni?<br \/>La nostra azienda si impegna a mantenere riservati i tuoi dati personali. Salvo quanto previsto nella presente informativa sulla privacy, non venderemo, scambieremo o affitteremo i tuoi dati personali raccolti sul sito Web a terze parti. Potremmo condividere i tuoi dati personali in conformit\u00e0 con i seguenti requisiti legali o autorizzazioni:<br \/>Nel processo aziendale quotidiano, qualsiasi societ\u00e0 affiliata ad AnHui JinGang Engineering Machinery Co., Ltd. pu\u00f2 utilizzare i tuoi dati personali solo per gli scopi descritti nella presente informativa sulla privacy (ad esempio, per rispondere alle tue richieste sui nostri prodotti e servizi);<br \/>Con appaltatori, venditori e fornitori che ci forniscono servizi per nostro conto, come l&#039;elaborazione e l&#039;evasione degli ordini; analisi e archiviazione dei dati; assistenza nel marketing diretto e nella distribuzione di e-mail e altre comunicazioni; servizi di prevenzione delle frodi; consegna e logistica; e completare altri scopi della raccolta di cui sopra;<br \/>Se noi o una qualsiasi delle nostre societ\u00e0 affiliate dovesse presentare istanza di fallimento o di trasferimento della propriet\u00e0 (o dei beni) in relazione alla proposta o completa riorganizzazione aziendale di una qualsiasi delle nostre affiliate, come fusioni, acquisizioni o vendite di unit\u00e0 aziendali effettive o potenziali;<br \/>Rispettare gli ordini legali e i requisiti governativi, oppure supportare le funzioni di audit, conformit\u00e0 e governance aziendale, secondo necessit\u00e0;<br \/>Per combattere frodi o attivit\u00e0 criminali e per proteggere i nostri diritti o quelli delle nostre affiliate, utenti e partner commerciali, oppure come parte di procedure legali che riguardano la nostra azienda, inclusa l&#039;applicazione dei nostri termini e condizioni.<\/p>\r\n<p><\/p>\r\n<div class=\"pvc_clear\"><\/div><p id=\"pvc_stats_21\" class=\"pvc_stats total_only\" data-element-id=\"21\" style=\"\"><i class=\"pvc-stats-icon medium\" aria-hidden=\"true\"><svg xmlns=\"http:\/\/www.w3.org\/2000\/svg\" version=\"1.0\" viewbox=\"0 0 502 315\" preserveaspectratio=\"xMidYMid meet\"><g transform=\"translate(0,332) scale(0.1,-0.1)\" fill=\"\" stroke=\"none\"><path d=\"M2394 3279 l-29 -30 -3 -207 c-2 -182 0 -211 15 -242 39 -76 157 -76 196 0 15 31 17 60 15 243 l-3 209 -33 29 c-26 23 -41 29 -80 29 -41 0 -53 -5 -78 -31z\"\/><path d=\"M3085 3251 c-45 -19 -58 -50 -96 -229 -47 -217 -49 -260 -13 -295 52 -53 146 -42 177 20 16 31 87 366 87 410 0 70 -86 122 -155 94z\"\/><path d=\"M1751 3234 c-13 -9 -29 -31 -37 -50 -12 -29 -10 -49 21 -204 19 -94 39 -189 45 -210 14 -50 54 -80 110 -80 34 0 48 6 76 34 21 21 34 44 34 59 0 14 -18 113 -40 219 -37 178 -43 195 -70 221 -36 32 -101 37 -139 11z\"\/><path d=\"M1163 3073 c-36 -7 -73 -59 -73 -102 0 -56 133 -378 171 -413 34 -32 83 -37 129 -13 70 36 67 87 -16 290 -86 209 -89 214 -129 231 -35 14 -42 15 -82 7z\"\/><path d=\"M3689 3066 c-15 -9 -33 -30 -42 -48 -48 -103 -147 -355 -147 -375 0 -98 131 -148 192 -74 13 15 57 108 97 206 80 196 84 226 37 273 -30 30 -99 39 -137 18z\"\/><path d=\"M583 2784 c-38 -19 -67 -74 -58 -113 9 -42 211 -354 242 -373 16 -10 45 -18 66 -18 51 0 107 52 107 100 0 39 -1 41 -124 234 -80 126 -108 162 -133 173 -41 17 -61 16 -100 -3z\"\/><path d=\"M4250 2784 c-14 -9 -74 -91 -133 -183 -95 -150 -107 -173 -107 -213 0 -55 33 -94 87 -104 67 -13 90 8 211 198 130 202 137 225 78 284 -27 27 -42 34 -72 34 -22 0 -50 -8 -64 -16z\"\/><path d=\"M2275 2693 c-553 -48 -1095 -270 -1585 -649 -135 -104 -459 -423 -483 -476 -23 -49 -22 -139 2 -186 73 -142 361 -457 571 -626 285 -228 642 -407 990 -497 242 -63 336 -73 660 -74 310 0 370 5 595 52 535 111 1045 392 1455 803 122 121 250 273 275 326 19 41 19 137 0 174 -41 79 -309 363 -465 492 -447 370 -946 591 -1479 653 -113 14 -422 18 -536 8z m395 -428 c171 -34 330 -124 456 -258 112 -119 167 -219 211 -378 27 -96 24 -300 -5 -401 -72 -255 -236 -447 -474 -557 -132 -62 -201 -76 -368 -76 -167 0 -236 14 -368 76 -213 98 -373 271 -451 485 -162 444 86 934 547 1084 153 49 292 57 452 25z m909 -232 c222 -123 408 -262 593 -441 76 -74 138 -139 138 -144 0 -16 -233 -242 -330 -319 -155 -123 -309 -223 -461 -299 l-81 -41 32 46 c18 26 49 83 70 128 143 306 141 649 -6 957 -25 52 -61 116 -79 142 l-34 47 45 -20 c26 -10 76 -36 113 -56z m-2057 25 c-40 -58 -105 -190 -130 -263 -110 -324 -59 -707 132 -981 25 -35 42 -64 37 -64 -19 0 -241 119 -326 174 -188 122 -406 314 -532 468 l-58 71 108 103 c185 178 428 349 672 473 66 33 121 60 123 61 2 0 -10 -19 -26 -42z\"\/><path d=\"M2375 1950 c-198 -44 -350 -190 -395 -379 -18 -76 -8 -221 19 -290 114 -284 457 -406 731 -260 98 52 188 154 231 260 27 69 37 214 19 290 -38 163 -166 304 -326 360 -67 23 -215 33 -279 19z\"\/><\/g><\/svg><\/i> <img decoding=\"async\" width=\"16\" height=\"16\" alt=\"privacy - Photo1\" src=\"https:\/\/used-towercrane.com\/wp-content\/plugins\/page-views-count\/ajax-loader-2x.gif\" border=\"0\" \/><\/p><div class=\"pvc_clear\"><\/div>","protected":false},"excerpt":{"rendered":"<p>The privacy and security of your information is very important to us.Please view the full privacy policy below to learn more.IntroductionThis privacy policy explains how our company and its affiliates collect and use your information. Our privacy policy applies to all people who visit and use our website, our company and online services, and the [&hellip;]<\/p>","protected":false},"author":1,"featured_media":0,"parent":0,"menu_order":0,"comment_status":"closed","ping_status":"closed","template":"page\/privacy.php","meta":{"footnotes":""},"class_list":["post-21","page","type-page","status-publish","hentry"],"a3_pvc":{"activated":true,"total_views":366,"today_views":2},"yoast_head":"<!-- This site is optimized with the Yoast SEO plugin v25.1 - https:\/\/yoast.com\/wordpress\/plugins\/seo\/ -->\n<title>privacy - TOWERCRANE<\/title>\n<meta name=\"robots\" content=\"index, follow, max-snippet:-1, max-image-preview:large, max-video-preview:-1\" \/>\n<link rel=\"canonical\" href=\"https:\/\/used-towercrane.com\/it\/privacy\/\" \/>\n<meta property=\"og:locale\" content=\"it_IT\" \/>\n<meta property=\"og:type\" content=\"article\" \/>\n<meta property=\"og:title\" content=\"privacy - TOWERCRANE\" \/>\n<meta property=\"og:description\" content=\"The privacy and security of your information is very important to us.Please view the full privacy policy below to learn more.IntroductionThis privacy policy explains how our company and its affiliates collect and use your information. Our privacy policy applies to all people who visit and use our website, our company and online services, and the [&hellip;]\" \/>\n<meta property=\"og:url\" content=\"https:\/\/used-towercrane.com\/it\/privacy\/\" \/>\n<meta property=\"og:site_name\" content=\"TOWERCRANE\" \/>\n<meta property=\"article:modified_time\" content=\"2023-12-04T02:20:18+00:00\" \/>\n<meta name=\"twitter:card\" content=\"summary_large_image\" \/>\n<meta name=\"twitter:label1\" content=\"Tempo di lettura stimato\" \/>\n\t<meta name=\"twitter:data1\" content=\"12 minuti\" \/>\n<script type=\"application\/ld+json\" class=\"yoast-schema-graph\">{\"@context\":\"https:\/\/schema.org\",\"@graph\":[{\"@type\":\"WebPage\",\"@id\":\"https:\/\/used-towercrane.com\/privacy\/\",\"url\":\"https:\/\/used-towercrane.com\/privacy\/\",\"name\":\"privacy - TOWERCRANE\",\"isPartOf\":{\"@id\":\"https:\/\/used-towercrane.com\/#website\"},\"datePublished\":\"2023-12-02T02:40:49+00:00\",\"dateModified\":\"2023-12-04T02:20:18+00:00\",\"breadcrumb\":{\"@id\":\"https:\/\/used-towercrane.com\/privacy\/#breadcrumb\"},\"inLanguage\":\"it-IT\",\"potentialAction\":[{\"@type\":\"ReadAction\",\"target\":[\"https:\/\/used-towercrane.com\/privacy\/\"]}]},{\"@type\":\"BreadcrumbList\",\"@id\":\"https:\/\/used-towercrane.com\/privacy\/#breadcrumb\",\"itemListElement\":[{\"@type\":\"ListItem\",\"position\":1,\"name\":\"\u9996\u9875\",\"item\":\"https:\/\/used-towercrane.com\/\"},{\"@type\":\"ListItem\",\"position\":2,\"name\":\"privacy\"}]},{\"@type\":\"WebSite\",\"@id\":\"https:\/\/used-towercrane.com\/#website\",\"url\":\"https:\/\/used-towercrane.com\/\",\"name\":\"TOWERCRANE\",\"description\":\"\",\"potentialAction\":[{\"@type\":\"SearchAction\",\"target\":{\"@type\":\"EntryPoint\",\"urlTemplate\":\"https:\/\/used-towercrane.com\/?s={search_term_string}\"},\"query-input\":{\"@type\":\"PropertyValueSpecification\",\"valueRequired\":true,\"valueName\":\"search_term_string\"}}],\"inLanguage\":\"it-IT\"}]}<\/script>\n<!-- \/ Yoast SEO plugin. -->","yoast_head_json":{"title":"privacy - TOWERCRANE","robots":{"index":"index","follow":"follow","max-snippet":"max-snippet:-1","max-image-preview":"max-image-preview:large","max-video-preview":"max-video-preview:-1"},"canonical":"https:\/\/used-towercrane.com\/it\/privacy\/","og_locale":"it_IT","og_type":"article","og_title":"privacy - TOWERCRANE","og_description":"The privacy and security of your information is very important to us.Please view the full privacy policy below to learn more.IntroductionThis privacy policy explains how our company and its affiliates collect and use your information. Our privacy policy applies to all people who visit and use our website, our company and online services, and the [&hellip;]","og_url":"https:\/\/used-towercrane.com\/it\/privacy\/","og_site_name":"TOWERCRANE","article_modified_time":"2023-12-04T02:20:18+00:00","twitter_card":"summary_large_image","twitter_misc":{"Tempo di lettura stimato":"12 minuti"},"schema":{"@context":"https:\/\/schema.org","@graph":[{"@type":"WebPage","@id":"https:\/\/used-towercrane.com\/privacy\/","url":"https:\/\/used-towercrane.com\/privacy\/","name":"privacy - TOWERCRANE","isPartOf":{"@id":"https:\/\/used-towercrane.com\/#website"},"datePublished":"2023-12-02T02:40:49+00:00","dateModified":"2023-12-04T02:20:18+00:00","breadcrumb":{"@id":"https:\/\/used-towercrane.com\/privacy\/#breadcrumb"},"inLanguage":"it-IT","potentialAction":[{"@type":"ReadAction","target":["https:\/\/used-towercrane.com\/privacy\/"]}]},{"@type":"BreadcrumbList","@id":"https:\/\/used-towercrane.com\/privacy\/#breadcrumb","itemListElement":[{"@type":"ListItem","position":1,"name":"\u9996\u9875","item":"https:\/\/used-towercrane.com\/"},{"@type":"ListItem","position":2,"name":"privacy"}]},{"@type":"WebSite","@id":"https:\/\/used-towercrane.com\/#website","url":"https:\/\/used-towercrane.com\/","name":"GRU A TORRE","description":"","potentialAction":[{"@type":"SearchAction","target":{"@type":"EntryPoint","urlTemplate":"https:\/\/used-towercrane.com\/?s={search_term_string}"},"query-input":{"@type":"PropertyValueSpecification","valueRequired":true,"valueName":"search_term_string"}}],"inLanguage":"it-IT"}]}},"_links":{"self":[{"href":"https:\/\/used-towercrane.com\/it\/wp-json\/wp\/v2\/pages\/21","targetHints":{"allow":["GET"]}}],"collection":[{"href":"https:\/\/used-towercrane.com\/it\/wp-json\/wp\/v2\/pages"}],"about":[{"href":"https:\/\/used-towercrane.com\/it\/wp-json\/wp\/v2\/types\/page"}],"author":[{"embeddable":true,"href":"https:\/\/used-towercrane.com\/it\/wp-json\/wp\/v2\/users\/1"}],"replies":[{"embeddable":true,"href":"https:\/\/used-towercrane.com\/it\/wp-json\/wp\/v2\/comments?post=21"}],"version-history":[{"count":3,"href":"https:\/\/used-towercrane.com\/it\/wp-json\/wp\/v2\/pages\/21\/revisions"}],"predecessor-version":[{"id":102,"href":"https:\/\/used-towercrane.com\/it\/wp-json\/wp\/v2\/pages\/21\/revisions\/102"}],"wp:attachment":[{"href":"https:\/\/used-towercrane.com\/it\/wp-json\/wp\/v2\/media?parent=21"}],"curies":[{"name":"parola chiave","href":"https:\/\/api.w.org\/{rel}","templated":true}]}}