{"id":21,"date":"2023-12-02T10:40:49","date_gmt":"2023-12-02T02:40:49","guid":{"rendered":"https:\/\/used-towercrane.com\/?page_id=21"},"modified":"2023-12-04T10:20:18","modified_gmt":"2023-12-04T02:20:18","slug":"privacy","status":"publish","type":"page","link":"https:\/\/used-towercrane.com\/pt\/privacy\/","title":{"rendered":"privacidade"},"content":{"rendered":"<p><\/p>\r\n<p>A privacidade e a seguran\u00e7a das suas informa\u00e7\u00f5es s\u00e3o muito importantes para n\u00f3s.<br \/>Veja a pol\u00edtica de privacidade completa abaixo para saber mais.<br \/>Introdu\u00e7\u00e3o<br \/>Esta pol\u00edtica de privacidade explica como nossa empresa e suas afiliadas coletam e usam suas informa\u00e7\u00f5es. Nossa pol\u00edtica de privacidade se aplica a todas as pessoas que visitam e usam nosso site, nossa empresa e servi\u00e7os online, e os sites e servi\u00e7os online fornecidos por nossos membros (coletivamente chamados de &quot;sites&quot;). Empresas afiliadas s\u00e3o entidades direta ou indiretamente de propriedade de nossa empresa, ou entidades controladas ou controladas em conjunto por nossa empresa. Refer\u00eancias a &quot;sa\u00fade b\u00e1sica&quot;, &quot;n\u00f3s&quot;, &quot;nosso&quot; ou &quot;nos&quot; nesta pol\u00edtica de privacidade referem-se \u00e0 entidade respons\u00e1vel pela coleta e uso de seus dados pessoais, geralmente a entidade que obt\u00e9m seus dados pessoais em cada caso abaixo. Esta entidade tamb\u00e9m \u00e9 chamada de controlador de dados. Esta pol\u00edtica de privacidade n\u00e3o cobre os sites e servi\u00e7os online operados por nossa empresa ou nossas empresas afiliadas. Esses sites e servi\u00e7os online t\u00eam pol\u00edticas de privacidade separadas e n\u00e3o est\u00e3o vinculados a esta pol\u00edtica de privacidade ou mesclados por refer\u00eancia. Diferentes pol\u00edticas de privacidade tamb\u00e9m podem se aplicar a outras partes do nosso site, como \u00e1reas protegidas por senha ou p\u00e1ginas da web usadas para recrutamento online. Nossa pol\u00edtica de privacidade se aplica somente \u00e0s atividades que realizamos neste site e n\u00e3o se aplica a atividades que s\u00e3o &quot;offline&quot; ou n\u00e3o relacionadas a este site. Esta pol\u00edtica de privacidade foi incorporada aos nossos termos e condi\u00e7\u00f5es, e o mesmo se aplica quando voc\u00ea usa nosso site. Ao usar este site e fornecer seus dados pessoais e outras informa\u00e7\u00f5es por meio deste site, voc\u00ea reconhece que seus dados pessoais ser\u00e3o processados de acordo com os termos desta pol\u00edtica de privacidade. Se voc\u00ea n\u00e3o concordar com as pr\u00e1ticas descritas nesta pol\u00edtica de privacidade, n\u00e3o nos forne\u00e7a seus dados pessoais nem interaja com o site de outras maneiras. Reservamo-nos o direito de modificar esta pol\u00edtica de privacidade a qualquer momento. Se fizermos quaisquer altera\u00e7\u00f5es importantes em nossa pol\u00edtica de privacidade, forneceremos um aviso neste site antes que as altera\u00e7\u00f5es entrem em vigor. Voc\u00ea pode determinar a data de revis\u00e3o mais recente desta pol\u00edtica de privacidade consultando a data da &quot;\u00faltima atualiza\u00e7\u00e3o&quot; acima. Voc\u00ea pode visualizar a vers\u00e3o mais recente desta pol\u00edtica de privacidade. Recomendamos que voc\u00ea verifique regularmente a pol\u00edtica de privacidade para quaisquer altera\u00e7\u00f5es.<br \/>\u00a0<br \/>Quais dados pessoais coletamos sobre voc\u00ea?<br \/>Os dados pessoais usados nesta pol\u00edtica de privacidade referem-se a qualquer informa\u00e7\u00e3o relacionada a um indiv\u00edduo identificado ou identific\u00e1vel, ou conforme definido pelas leis aplic\u00e1veis. Quando voc\u00ea visita nosso site e interage voluntariamente com ele, coletamos os seguintes dados pessoais:<br \/>Seu primeiro e \u00faltimo nome;<br \/>Nome da empresa;<br \/>Endere\u00e7o de Protocolo de Internet (IP);<br \/>Informa\u00e7\u00f5es de contato (por exemplo, n\u00famero de telefone, endere\u00e7o de e-mail);<br \/>ou Outras informa\u00e7\u00f5es que voc\u00ea fornece voluntariamente.<br \/>\u00a0<br \/>Quando coletamos dados pessoais sobre voc\u00ea?<br \/>A menos que voc\u00ea voluntariamente escolha divulgar tais informa\u00e7\u00f5es, nossa empresa n\u00e3o coletar\u00e1 nenhum dado pessoal seu por meio deste site. Podemos pedir que voc\u00ea forne\u00e7a certos dados pessoais em diferentes momentos e lugares no site. Em alguns casos, se voc\u00ea escolher n\u00e3o nos fornecer os dados pessoais solicitados, voc\u00ea pode n\u00e3o conseguir acessar todo o conte\u00fado deste site ou participar de todas as suas fun\u00e7\u00f5es. Por exemplo, podemos coletar dados pessoais seus quando voc\u00ea realiza as seguintes a\u00e7\u00f5es:<br \/>Compre produtos da nossa empresa atrav\u00e9s do nosso site;<br \/>Abra ou responda ao nosso e-mail;<br \/>Quando voc\u00ea voluntariamente nos fornece informa\u00e7\u00f5es por meio de pesquisas com clientes, podemos vincul\u00e1-las aos dados pessoais que coletamos anteriormente sobre voc\u00ea;<br \/>Entre em contato com o atendimento ao cliente, use nossa fun\u00e7\u00e3o \u201cconectar\u201d para falar com os representantes da nossa empresa ou use nossas ferramentas de suporte ao cliente;<br \/>Conecte, vincule ou \u201ccompartilhe\u201d nosso site por meio de sites de redes sociais;<br \/>Se voc\u00ea nos fornecer dados pessoais de terceiros, isso significa que voc\u00ea forneceu um aviso ao terceiro e foi autorizado por ele a fornecer tais informa\u00e7\u00f5es.<br \/>\u00a0<br \/>Como usamos dados pessoais?<br \/>Nossa empresa usa os dados pessoais que coletamos para fornecer servi\u00e7os a voc\u00ea ou entrar em um acordo contratual com voc\u00ea quando voc\u00ea visita nosso site. Isso inclui:<br \/>Crie uma conta de site on-line para voc\u00ea de acordo com suas necessidades;<br \/>Fornecer atendimento ao cliente (por exemplo, responder \u00e0s suas perguntas ou responder a solicita\u00e7\u00f5es);<br \/>Enviar lembretes, atualiza\u00e7\u00f5es, suporte, mensagens de gerenciamento, an\u00fancios de servi\u00e7o e informa\u00e7\u00f5es solicitadas;<br \/>Usaremos dados pessoais buscados por terceiros ou por n\u00f3s para fins comerciais leg\u00edtimos, desde que os dados sejam compat\u00edveis com seus direitos e expectativas de privacidade. Isso inclui:<br \/>Operar, manter e melhorar este site, nossos servi\u00e7os e nossos produtos;<br \/>Realizar an\u00e1lises e conduzir pesquisas com clientes;<br \/>Verifique sua capacidade de acessar ou usar determinados produtos ou servi\u00e7os que est\u00e3o dispon\u00edveis apenas para indiv\u00edduos que atendem a determinados requisitos ou padr\u00f5es de qualifica\u00e7\u00e3o, como profissionais de sa\u00fade;<br \/>Permitir que voc\u00ea interaja com determinados provedores de servi\u00e7os de conte\u00fado de terceiros (por exemplo, para permitir que voc\u00ea crie links ou visualize conte\u00fado de sites de terceiros neste site, ou visualize nosso conte\u00fado em sites de terceiros);<br \/>Permitir que voc\u00ea escolha participar dos recursos interativos do nosso site;<br \/>Gerenciar pesquisas on-line ou ofertas especiais fornecidas por n\u00f3s ou por meio de nossos parceiros comerciais terceirizados;<br \/>Melhorar nosso site, atendimento ao cliente, produtos e servi\u00e7os e a experi\u00eancia geral do usu\u00e1rio;<br \/>Melhorar outras informa\u00e7\u00f5es que temos sobre voc\u00ea para nos ajudar a entend\u00ea-lo melhor e determinar seus interesses;<br \/>Determinar suas prefer\u00eancias para que possamos notific\u00e1-lo sobre novos produtos ou outros produtos, servi\u00e7os e promo\u00e7\u00f5es que possam ser do seu interesse;<br \/>Nossa empresa tamb\u00e9m possui uma base legal para usar seus dados pessoais:<br \/>Para evitar fraudes, seguran\u00e7a p\u00fablica e fazer cumprir as obriga\u00e7\u00f5es e termos e condi\u00e7\u00f5es de relat\u00f3rios da nossa empresa, al\u00e9m de cumprir leis, regulamentos, ordens judiciais, intima\u00e7\u00f5es ou outros procedimentos legais.<br \/>Quando exigido por lei, tamb\u00e9m podemos usar as informa\u00e7\u00f5es coletadas de acordo com esta pol\u00edtica de privacidade com seu consentimento \u201copt-in\u201d para fornecer a voc\u00ea bens ou servi\u00e7os que acreditamos que possam ser do seu interesse.<br \/>\u00a0<br \/>Como lidar com dados pessoais sens\u00edveis?<br \/>Os dados pessoais sens\u00edveis usados na pol\u00edtica de privacidade (tamb\u00e9m chamados de \u201ccategorias especiais de dados pessoais\u201d) referem-se a dados relacionados \u00e0 sua ra\u00e7a ou etnia, opini\u00f5es pol\u00edticas, religi\u00e3o ou outras cren\u00e7as, sa\u00fade, caracter\u00edsticas gen\u00e9ticas ou biol\u00f3gicas, vida sexual ou sexualidade. Informa\u00e7\u00f5es sobre orienta\u00e7\u00e3o, antecedentes criminais ou filia\u00e7\u00e3o sindical. Nossa empresa coleta dados pessoais sens\u00edveis apenas nas seguintes circunst\u00e2ncias limitadas:<br \/>Com seu consentimento expl\u00edcito;<br \/>Proteja os interesses vitais seus ou de outras pessoas caso n\u00e3o consigam concordar f\u00edsica ou legalmente;<br \/>Se o tratamento for necess\u00e1rio para fins m\u00e9dicos preventivos ou ocupacionais, fornecer assist\u00eancia ou tratamento de sa\u00fade ou social ou gerenciar sistemas e servi\u00e7os de sa\u00fade ou social de acordo com as leis da Uni\u00e3o ou dos Estados-Membros ou de acordo com contratos com profissionais de sa\u00fade; ou usado para estabelecer, exercer ou defender reivindica\u00e7\u00f5es legais, ou na medida permitida e exigida pelas leis aplic\u00e1veis.<br \/>A menos que exigido de outra forma pelas leis aplic\u00e1veis, voc\u00ea n\u00e3o precisa nos fornecer nenhum dado pessoal sens\u00edvel ao usar nosso site. Se voc\u00ea optar por n\u00e3o faz\u00ea-lo, sua decis\u00e3o n\u00e3o o impedir\u00e1 de usar nosso site.<br \/>\u00a0<br \/>Que outras informa\u00e7\u00f5es coletamos?<br \/>Como muitos outros sites, quando voc\u00ea navega e interage com nosso site, podemos usar tecnologia de coleta autom\u00e1tica para coletar certas informa\u00e7\u00f5es sobre seu dispositivo, opera\u00e7\u00f5es de navega\u00e7\u00e3o e padr\u00f5es, incluindo:<br \/>Os detalhes da sua visita ao nosso site, incluindo os recursos que voc\u00ea visita e usa em nosso site, dados de tr\u00e1fego, dados de localiza\u00e7\u00e3o, registros, idioma;<br \/>Data e hora de acesso, frequ\u00eancia e outros dados de comunica\u00e7\u00e3o;<br \/>Informa\u00e7\u00f5es sobre o computador e a conex\u00e3o com a Internet, incluindo sistema operacional, dom\u00ednio do host e tipo de navegador (como o Internet Explorer); ou<br \/>Detalhes do site (URL) recomendado.<br \/>As informa\u00e7\u00f5es que coletamos automaticamente s\u00e3o dados estat\u00edsticos que podem nos ajudar a melhorar nosso site e fornecer servi\u00e7os melhores e mais personalizados, inclusive nos permitindo:<br \/>Determinar padr\u00f5es de tr\u00e1fego do site;<br \/>Conte o n\u00famero de visitas ao site;<br \/>Identificar a origem do tr\u00e1fego para que possamos medir e melhorar o desempenho do site;<br \/>Compartilhar ou vender tais informa\u00e7\u00f5es a terceiros;<br \/>Ajude-nos a entender quais p\u00e1ginas e conte\u00fados s\u00e3o os mais e menos populares; e<br \/>Determine a frequ\u00eancia e a \u00faltima data da sua visita ao nosso site.<br \/>\u00a0<br \/>Cookies e outras tecnologias<br \/>Quando voc\u00ea visita nosso site ou interage com nossos e-mails, usamos cookies, web beacons\/pixel tags e outras tecnologias (coletivamente chamadas de &quot;cookies&quot;) para identific\u00e1-lo. &quot;Cookies&quot; s\u00e3o pequenas quantidades de dados armazenados em cache ou em um computador com base na atividade da Internet. Esses cookies podem ser passados no contexto de uma parte prim\u00e1ria ou de uma terceira parte. Por exemplo, podemos coletar informa\u00e7\u00f5es sobre o tipo e a vers\u00e3o do seu navegador, sistema operacional, idioma do usu\u00e1rio, ISP, p\u00e1ginas da web visualizadas, links clicados, endere\u00e7o IP, se h\u00e1 um plug-in &quot;Flash&quot;, resolu\u00e7\u00e3o da tela e informa\u00e7\u00f5es de conex\u00e3o. Tipos, sites visitados antes e depois de visitar nosso site, informa\u00e7\u00f5es detalhadas sobre os produtos adquiridos e e-mails que voc\u00ea envia, encaminha ou clica para entrar em nosso site. Ao coletar essas informa\u00e7\u00f5es, podemos entender melhor como voc\u00ea interage com nosso site; fornecer a voc\u00ea uma experi\u00eancia on-line mais personalizada e otimizada rastreando suas prefer\u00eancias; melhorar nosso site; executar contratos com nossos parceiros de neg\u00f3cios; ajudar a confirmar o recebimento e responder ao nosso e-mail; e fornecer um atendimento ao cliente mais eficaz. Para obter mais informa\u00e7\u00f5es sobre os cookies que coletamos e como desativ\u00e1-los, visite nossa Pol\u00edtica de Cookies e a se\u00e7\u00e3o 9 abaixo. Plugins de m\u00eddia social. Nosso site usa os chamados plug-ins sociais (\u201cplug-ins\u201d) das redes sociais Facebook, Twitter e LinkedIn. Esses plug-ins s\u00e3o indicados pelos respectivos logotipos das redes sociais. Quando voc\u00ea visita o site, seu navegador estabelecer\u00e1 uma conex\u00e3o direta com os servidores dessas redes sociais. A rede social transfere o conte\u00fado do plug-in diretamente para seu navegador e o integra ao site. A integra\u00e7\u00e3o de plug-ins permite que as redes de m\u00eddia social recebam as informa\u00e7\u00f5es que voc\u00ea carregou nas p\u00e1ginas correspondentes do site. Por exemplo, se voc\u00ea fizer login com o Facebook, ele poder\u00e1 atribuir sua visita \u00e0 sua conta. Quando voc\u00ea visita nosso site, independentemente de interagir com o plug-in ou n\u00e3o, voc\u00ea j\u00e1 trocou essas informa\u00e7\u00f5es. Se voc\u00ea interagir com o plug-in, as informa\u00e7\u00f5es correspondentes ser\u00e3o enviadas diretamente para o Facebook por meio do seu navegador e salvas l\u00e1. Voc\u00ea pode encontrar informa\u00e7\u00f5es sobre como as redes sociais usam dados, bem como seus direitos e configura\u00e7\u00f5es opcionais em sites de redes sociais para proteger sua privacidade. Se voc\u00ea n\u00e3o quiser que as redes sociais coletem dados sobre voc\u00ea por meio do nosso site, voc\u00ea deve fazer login no dom\u00ednio da rede social antes de visitar o site. Para evitar a troca de informa\u00e7\u00f5es com redes sociais durante sua visita ao nosso site, voc\u00ea pode optar por n\u00e3o receber cookies por meio das configura\u00e7\u00f5es do seu navegador e outras ferramentas.<br \/>\u00a0<br \/>Como compartilhamos informa\u00e7\u00f5es?<br \/>Nossa empresa est\u00e1 comprometida em manter seus dados pessoais confidenciais. Exceto conforme disposto nesta pol\u00edtica de privacidade, n\u00e3o venderemos, comercializaremos ou alugaremos seus dados pessoais coletados no site para terceiros. Podemos compartilhar seus dados pessoais de acordo com os seguintes requisitos ou permiss\u00f5es legais:<br \/>No processo comercial di\u00e1rio, qualquer empresa afiliada da AnHui JinGang Engineering Machinery Co., Ltd. s\u00f3 pode usar seus dados pessoais para os fins descritos nesta pol\u00edtica de privacidade (por exemplo, para responder \u00e0s suas perguntas sobre nossos produtos e servi\u00e7os);<br \/>Com contratados, fornecedores e prestadores que nos prestam servi\u00e7os em nosso nome, como processamento e atendimento de pedidos; an\u00e1lise e armazenamento de dados; assist\u00eancia em marketing direto e distribui\u00e7\u00e3o de e-mails e outras comunica\u00e7\u00f5es; servi\u00e7os de preven\u00e7\u00e3o de fraudes; entrega e log\u00edstica; e completar outras finalidades da coleta acima;<br \/>Se n\u00f3s ou qualquer uma de nossas empresas afiliadas entrarmos com pedido de fal\u00eancia ou transfer\u00eancia de propriedade (ou ativos) relacionada \u00e0 reorganiza\u00e7\u00e3o corporativa proposta ou completa de qualquer uma de nossas afiliadas, como fus\u00f5es, aquisi\u00e7\u00f5es ou vendas reais ou potenciais de unidades de neg\u00f3cios;<br \/>Cumprir ordens legais e exig\u00eancias governamentais, ou dar suporte a fun\u00e7\u00f5es de auditoria, conformidade e governan\u00e7a corporativa, conforme necess\u00e1rio;<br \/>Para combater fraudes ou atividades criminosas e para proteger os direitos nossos ou de nossos afiliados, usu\u00e1rios e parceiros comerciais, ou como parte de procedimentos legais que afetam nossa empresa, incluindo a aplica\u00e7\u00e3o de nossos termos e condi\u00e7\u00f5es.<\/p>\r\n<p><\/p>\r\n<div class=\"pvc_clear\"><\/div><p id=\"pvc_stats_21\" class=\"pvc_stats total_only\" data-element-id=\"21\" style=\"\"><i class=\"pvc-stats-icon medium\" aria-hidden=\"true\"><svg xmlns=\"http:\/\/www.w3.org\/2000\/svg\" version=\"1.0\" viewbox=\"0 0 502 315\" preserveaspectratio=\"xMidYMid meet\"><g transform=\"translate(0,332) scale(0.1,-0.1)\" fill=\"\" stroke=\"none\"><path d=\"M2394 3279 l-29 -30 -3 -207 c-2 -182 0 -211 15 -242 39 -76 157 -76 196 0 15 31 17 60 15 243 l-3 209 -33 29 c-26 23 -41 29 -80 29 -41 0 -53 -5 -78 -31z\"\/><path d=\"M3085 3251 c-45 -19 -58 -50 -96 -229 -47 -217 -49 -260 -13 -295 52 -53 146 -42 177 20 16 31 87 366 87 410 0 70 -86 122 -155 94z\"\/><path d=\"M1751 3234 c-13 -9 -29 -31 -37 -50 -12 -29 -10 -49 21 -204 19 -94 39 -189 45 -210 14 -50 54 -80 110 -80 34 0 48 6 76 34 21 21 34 44 34 59 0 14 -18 113 -40 219 -37 178 -43 195 -70 221 -36 32 -101 37 -139 11z\"\/><path d=\"M1163 3073 c-36 -7 -73 -59 -73 -102 0 -56 133 -378 171 -413 34 -32 83 -37 129 -13 70 36 67 87 -16 290 -86 209 -89 214 -129 231 -35 14 -42 15 -82 7z\"\/><path d=\"M3689 3066 c-15 -9 -33 -30 -42 -48 -48 -103 -147 -355 -147 -375 0 -98 131 -148 192 -74 13 15 57 108 97 206 80 196 84 226 37 273 -30 30 -99 39 -137 18z\"\/><path d=\"M583 2784 c-38 -19 -67 -74 -58 -113 9 -42 211 -354 242 -373 16 -10 45 -18 66 -18 51 0 107 52 107 100 0 39 -1 41 -124 234 -80 126 -108 162 -133 173 -41 17 -61 16 -100 -3z\"\/><path d=\"M4250 2784 c-14 -9 -74 -91 -133 -183 -95 -150 -107 -173 -107 -213 0 -55 33 -94 87 -104 67 -13 90 8 211 198 130 202 137 225 78 284 -27 27 -42 34 -72 34 -22 0 -50 -8 -64 -16z\"\/><path d=\"M2275 2693 c-553 -48 -1095 -270 -1585 -649 -135 -104 -459 -423 -483 -476 -23 -49 -22 -139 2 -186 73 -142 361 -457 571 -626 285 -228 642 -407 990 -497 242 -63 336 -73 660 -74 310 0 370 5 595 52 535 111 1045 392 1455 803 122 121 250 273 275 326 19 41 19 137 0 174 -41 79 -309 363 -465 492 -447 370 -946 591 -1479 653 -113 14 -422 18 -536 8z m395 -428 c171 -34 330 -124 456 -258 112 -119 167 -219 211 -378 27 -96 24 -300 -5 -401 -72 -255 -236 -447 -474 -557 -132 -62 -201 -76 -368 -76 -167 0 -236 14 -368 76 -213 98 -373 271 -451 485 -162 444 86 934 547 1084 153 49 292 57 452 25z m909 -232 c222 -123 408 -262 593 -441 76 -74 138 -139 138 -144 0 -16 -233 -242 -330 -319 -155 -123 -309 -223 -461 -299 l-81 -41 32 46 c18 26 49 83 70 128 143 306 141 649 -6 957 -25 52 -61 116 -79 142 l-34 47 45 -20 c26 -10 76 -36 113 -56z m-2057 25 c-40 -58 -105 -190 -130 -263 -110 -324 -59 -707 132 -981 25 -35 42 -64 37 -64 -19 0 -241 119 -326 174 -188 122 -406 314 -532 468 l-58 71 108 103 c185 178 428 349 672 473 66 33 121 60 123 61 2 0 -10 -19 -26 -42z\"\/><path d=\"M2375 1950 c-198 -44 -350 -190 -395 -379 -18 -76 -8 -221 19 -290 114 -284 457 -406 731 -260 98 52 188 154 231 260 27 69 37 214 19 290 -38 163 -166 304 -326 360 -67 23 -215 33 -279 19z\"\/><\/g><\/svg><\/i> <img decoding=\"async\" width=\"16\" height=\"16\" alt=\"privacy - Photo1\" src=\"https:\/\/used-towercrane.com\/wp-content\/plugins\/page-views-count\/ajax-loader-2x.gif\" border=\"0\" \/><\/p><div class=\"pvc_clear\"><\/div>","protected":false},"excerpt":{"rendered":"<p>The privacy and security of your information is very important to us.Please view the full privacy policy below to learn more.IntroductionThis privacy policy explains how our company and its affiliates collect and use your information. Our privacy policy applies to all people who visit and use our website, our company and online services, and the [&hellip;]<\/p>","protected":false},"author":1,"featured_media":0,"parent":0,"menu_order":0,"comment_status":"closed","ping_status":"closed","template":"page\/privacy.php","meta":{"footnotes":""},"class_list":["post-21","page","type-page","status-publish","hentry"],"a3_pvc":{"activated":true,"total_views":366,"today_views":2},"yoast_head":"<!-- This site is optimized with the Yoast SEO plugin v25.1 - https:\/\/yoast.com\/wordpress\/plugins\/seo\/ -->\n<title>privacy - TOWERCRANE<\/title>\n<meta name=\"robots\" content=\"index, follow, max-snippet:-1, max-image-preview:large, max-video-preview:-1\" \/>\n<link rel=\"canonical\" href=\"https:\/\/used-towercrane.com\/pt\/privacy\/\" \/>\n<meta property=\"og:locale\" content=\"pt_PT\" \/>\n<meta property=\"og:type\" content=\"article\" \/>\n<meta property=\"og:title\" content=\"privacy - TOWERCRANE\" \/>\n<meta property=\"og:description\" content=\"The privacy and security of your information is very important to us.Please view the full privacy policy below to learn more.IntroductionThis privacy policy explains how our company and its affiliates collect and use your information. Our privacy policy applies to all people who visit and use our website, our company and online services, and the [&hellip;]\" \/>\n<meta property=\"og:url\" content=\"https:\/\/used-towercrane.com\/pt\/privacy\/\" \/>\n<meta property=\"og:site_name\" content=\"TOWERCRANE\" \/>\n<meta property=\"article:modified_time\" content=\"2023-12-04T02:20:18+00:00\" \/>\n<meta name=\"twitter:card\" content=\"summary_large_image\" \/>\n<meta name=\"twitter:label1\" content=\"Est. reading time\" \/>\n\t<meta name=\"twitter:data1\" content=\"12 minutos\" \/>\n<script type=\"application\/ld+json\" class=\"yoast-schema-graph\">{\"@context\":\"https:\/\/schema.org\",\"@graph\":[{\"@type\":\"WebPage\",\"@id\":\"https:\/\/used-towercrane.com\/privacy\/\",\"url\":\"https:\/\/used-towercrane.com\/privacy\/\",\"name\":\"privacy - TOWERCRANE\",\"isPartOf\":{\"@id\":\"https:\/\/used-towercrane.com\/#website\"},\"datePublished\":\"2023-12-02T02:40:49+00:00\",\"dateModified\":\"2023-12-04T02:20:18+00:00\",\"breadcrumb\":{\"@id\":\"https:\/\/used-towercrane.com\/privacy\/#breadcrumb\"},\"inLanguage\":\"pt-PT\",\"potentialAction\":[{\"@type\":\"ReadAction\",\"target\":[\"https:\/\/used-towercrane.com\/privacy\/\"]}]},{\"@type\":\"BreadcrumbList\",\"@id\":\"https:\/\/used-towercrane.com\/privacy\/#breadcrumb\",\"itemListElement\":[{\"@type\":\"ListItem\",\"position\":1,\"name\":\"\u9996\u9875\",\"item\":\"https:\/\/used-towercrane.com\/\"},{\"@type\":\"ListItem\",\"position\":2,\"name\":\"privacy\"}]},{\"@type\":\"WebSite\",\"@id\":\"https:\/\/used-towercrane.com\/#website\",\"url\":\"https:\/\/used-towercrane.com\/\",\"name\":\"TOWERCRANE\",\"description\":\"\",\"potentialAction\":[{\"@type\":\"SearchAction\",\"target\":{\"@type\":\"EntryPoint\",\"urlTemplate\":\"https:\/\/used-towercrane.com\/?s={search_term_string}\"},\"query-input\":{\"@type\":\"PropertyValueSpecification\",\"valueRequired\":true,\"valueName\":\"search_term_string\"}}],\"inLanguage\":\"pt-PT\"}]}<\/script>\n<!-- \/ Yoast SEO plugin. -->","yoast_head_json":{"title":"privacy - TOWERCRANE","robots":{"index":"index","follow":"follow","max-snippet":"max-snippet:-1","max-image-preview":"max-image-preview:large","max-video-preview":"max-video-preview:-1"},"canonical":"https:\/\/used-towercrane.com\/pt\/privacy\/","og_locale":"pt_PT","og_type":"article","og_title":"privacy - TOWERCRANE","og_description":"The privacy and security of your information is very important to us.Please view the full privacy policy below to learn more.IntroductionThis privacy policy explains how our company and its affiliates collect and use your information. Our privacy policy applies to all people who visit and use our website, our company and online services, and the [&hellip;]","og_url":"https:\/\/used-towercrane.com\/pt\/privacy\/","og_site_name":"TOWERCRANE","article_modified_time":"2023-12-04T02:20:18+00:00","twitter_card":"summary_large_image","twitter_misc":{"Est. reading time":"12 minutos"},"schema":{"@context":"https:\/\/schema.org","@graph":[{"@type":"WebPage","@id":"https:\/\/used-towercrane.com\/privacy\/","url":"https:\/\/used-towercrane.com\/privacy\/","name":"privacy - TOWERCRANE","isPartOf":{"@id":"https:\/\/used-towercrane.com\/#website"},"datePublished":"2023-12-02T02:40:49+00:00","dateModified":"2023-12-04T02:20:18+00:00","breadcrumb":{"@id":"https:\/\/used-towercrane.com\/privacy\/#breadcrumb"},"inLanguage":"pt-PT","potentialAction":[{"@type":"ReadAction","target":["https:\/\/used-towercrane.com\/privacy\/"]}]},{"@type":"BreadcrumbList","@id":"https:\/\/used-towercrane.com\/privacy\/#breadcrumb","itemListElement":[{"@type":"ListItem","position":1,"name":"\u9996\u9875","item":"https:\/\/used-towercrane.com\/"},{"@type":"ListItem","position":2,"name":"privacy"}]},{"@type":"WebSite","@id":"https:\/\/used-towercrane.com\/#website","url":"https:\/\/used-towercrane.com\/","name":"GUINDASTE DE TORRE","description":"","potentialAction":[{"@type":"SearchAction","target":{"@type":"EntryPoint","urlTemplate":"https:\/\/used-towercrane.com\/?s={search_term_string}"},"query-input":{"@type":"PropertyValueSpecification","valueRequired":true,"valueName":"search_term_string"}}],"inLanguage":"pt-PT"}]}},"_links":{"self":[{"href":"https:\/\/used-towercrane.com\/pt\/wp-json\/wp\/v2\/pages\/21","targetHints":{"allow":["GET"]}}],"collection":[{"href":"https:\/\/used-towercrane.com\/pt\/wp-json\/wp\/v2\/pages"}],"about":[{"href":"https:\/\/used-towercrane.com\/pt\/wp-json\/wp\/v2\/types\/page"}],"author":[{"embeddable":true,"href":"https:\/\/used-towercrane.com\/pt\/wp-json\/wp\/v2\/users\/1"}],"replies":[{"embeddable":true,"href":"https:\/\/used-towercrane.com\/pt\/wp-json\/wp\/v2\/comments?post=21"}],"version-history":[{"count":3,"href":"https:\/\/used-towercrane.com\/pt\/wp-json\/wp\/v2\/pages\/21\/revisions"}],"predecessor-version":[{"id":102,"href":"https:\/\/used-towercrane.com\/pt\/wp-json\/wp\/v2\/pages\/21\/revisions\/102"}],"wp:attachment":[{"href":"https:\/\/used-towercrane.com\/pt\/wp-json\/wp\/v2\/media?parent=21"}],"curies":[{"name":"wp","href":"https:\/\/api.w.org\/{rel}","templated":true}]}}